{"id":4869,"date":"2025-04-22T12:26:13","date_gmt":"2025-04-22T17:26:13","guid":{"rendered":"http:\/\/localhost:8084\/LearningGPA\/?page_id=4869"},"modified":"2025-05-02T14:56:30","modified_gmt":"2025-05-02T19:56:30","slug":"mision","status":"publish","type":"page","link":"http:\/\/190.234.243.220:8880\/LearningGPA\/mision\/","title":{"rendered":"Misi\u00f3n"},"content":{"rendered":"\t\t<div data-elementor-type=\"wp-page\" data-elementor-id=\"4869\" class=\"elementor elementor-4869\">\n\t\t\t\t\t\t\t\t\t<section class=\"elementor-section elementor-top-section elementor-element elementor-element-ca750d1 elementor-section-boxed elementor-section-height-default elementor-section-height-default\" data-id=\"ca750d1\" data-element_type=\"section\">\n\t\t\t\t\t\t<div class=\"elementor-container elementor-column-gap-default\">\n\t\t\t\t\t<div class=\"elementor-column elementor-col-50 elementor-top-column elementor-element elementor-element-60482e1\" data-id=\"60482e1\" data-element_type=\"column\">\n\t\t\t<div class=\"elementor-widget-wrap elementor-element-populated\">\n\t\t\t\t\t\t\t\t<div class=\"elementor-element elementor-element-fdaefb0 elementor-widget elementor-widget-image\" data-id=\"fdaefb0\" data-element_type=\"widget\" data-widget_type=\"image.default\">\n\t\t\t\t<div class=\"elementor-widget-container\">\n\t\t\t<style>\/*! elementor - v3.6.8 - 27-07-2022 *\/\n.elementor-widget-image{text-align:center}.elementor-widget-image a{display:inline-block}.elementor-widget-image a img[src$=\".svg\"]{width:48px}.elementor-widget-image img{vertical-align:middle;display:inline-block}<\/style>\t\t\t\t\t\t\t\t\t\t\t\t<img loading=\"lazy\" decoding=\"async\" width=\"512\" height=\"512\" src=\"http:\/\/190.234.243.220:8880\/LearningGPA\/wp-content\/uploads\/2025\/05\/logro.png\" class=\"attachment-large size-large\" alt=\"\" srcset=\"http:\/\/190.234.243.220:8880\/LearningGPA\/wp-content\/uploads\/2025\/05\/logro.png 512w, http:\/\/190.234.243.220:8880\/LearningGPA\/wp-content\/uploads\/2025\/05\/logro-300x300.png 300w, http:\/\/190.234.243.220:8880\/LearningGPA\/wp-content\/uploads\/2025\/05\/logro-150x150.png 150w, http:\/\/190.234.243.220:8880\/LearningGPA\/wp-content\/uploads\/2025\/05\/logro-87x87.png 87w, http:\/\/190.234.243.220:8880\/LearningGPA\/wp-content\/uploads\/2025\/05\/logro-100x100.png 100w\" sizes=\"auto, (max-width: 512px) 100vw, 512px\" \/>\t\t\t\t\t\t\t\t\t\t\t\t\t\t\t<\/div>\n\t\t\t\t<\/div>\n\t\t\t\t\t<\/div>\n\t\t<\/div>\n\t\t\t\t<div class=\"elementor-column elementor-col-50 elementor-top-column elementor-element elementor-element-0a1c4d4\" data-id=\"0a1c4d4\" data-element_type=\"column\">\n\t\t\t<div class=\"elementor-widget-wrap elementor-element-populated\">\n\t\t\t\t\t\t\t\t<div class=\"elementor-element elementor-element-cf6e1e1 elementor-widget elementor-widget-text-editor\" data-id=\"cf6e1e1\" data-element_type=\"widget\" data-widget_type=\"text-editor.default\">\n\t\t\t\t<div class=\"elementor-widget-container\">\n\t\t\t<style>\/*! elementor - v3.6.8 - 27-07-2022 *\/\n.elementor-widget-text-editor.elementor-drop-cap-view-stacked .elementor-drop-cap{background-color:#818a91;color:#fff}.elementor-widget-text-editor.elementor-drop-cap-view-framed .elementor-drop-cap{color:#818a91;border:3px solid;background-color:transparent}.elementor-widget-text-editor:not(.elementor-drop-cap-view-default) .elementor-drop-cap{margin-top:8px}.elementor-widget-text-editor:not(.elementor-drop-cap-view-default) .elementor-drop-cap-letter{width:1em;height:1em}.elementor-widget-text-editor .elementor-drop-cap{float:left;text-align:center;line-height:1;font-size:50px}.elementor-widget-text-editor .elementor-drop-cap-letter{display:inline-block}<\/style>\t\t\t\t<h4>Prestar un servicio educativo de gesti\u00f3n privada para formar integralmente a ni\u00f1os y ni\u00f1as y facilitar el logro de su aprendizaje desde un enfoque de derecho promoviendo las identidades culturales la equidad de g\u00e9nero y la gesti\u00f3n educativa transparente.<\/h4>\t\t\t\t\t\t<\/div>\n\t\t\t\t<\/div>\n\t\t\t\t\t<\/div>\n\t\t<\/div>\n\t\t\t\t\t\t\t<\/div>\n\t\t<\/section>\n\t\t\t\t\t\t\t<\/div>\n\t\t","protected":false},"excerpt":{"rendered":"<p>Prestar un servicio educativo de gesti\u00f3n privada para formar integralmente a ni\u00f1os y ni\u00f1as y facilitar el logro de su aprendizaje desde un enfoque de derecho promoviendo las identidades culturales la equidad de g\u00e9nero y la gesti\u00f3n educativa transparente.<\/p>\n","protected":false},"author":1,"featured_media":0,"parent":0,"menu_order":0,"comment_status":"closed","ping_status":"closed","template":"","meta":{"_monsterinsights_skip_tracking":false,"_monsterinsights_sitenote_active":false,"_monsterinsights_sitenote_note":"","_monsterinsights_sitenote_category":0,"footnotes":""},"class_list":["post-4869","page","type-page","status-publish","hentry"],"aioseo_notices":[],"_links":{"self":[{"href":"http:\/\/190.234.243.220:8880\/LearningGPA\/wp-json\/wp\/v2\/pages\/4869","targetHints":{"allow":["GET"]}}],"collection":[{"href":"http:\/\/190.234.243.220:8880\/LearningGPA\/wp-json\/wp\/v2\/pages"}],"about":[{"href":"http:\/\/190.234.243.220:8880\/LearningGPA\/wp-json\/wp\/v2\/types\/page"}],"author":[{"embeddable":true,"href":"http:\/\/190.234.243.220:8880\/LearningGPA\/wp-json\/wp\/v2\/users\/1"}],"replies":[{"embeddable":true,"href":"http:\/\/190.234.243.220:8880\/LearningGPA\/wp-json\/wp\/v2\/comments?post=4869"}],"version-history":[{"count":11,"href":"http:\/\/190.234.243.220:8880\/LearningGPA\/wp-json\/wp\/v2\/pages\/4869\/revisions"}],"predecessor-version":[{"id":5368,"href":"http:\/\/190.234.243.220:8880\/LearningGPA\/wp-json\/wp\/v2\/pages\/4869\/revisions\/5368"}],"wp:attachment":[{"href":"http:\/\/190.234.243.220:8880\/LearningGPA\/wp-json\/wp\/v2\/media?parent=4869"}],"curies":[{"name":"wp","href":"https:\/\/api.w.org\/{rel}","templated":true}]}}