{"id":2661,"date":"2022-01-15T15:44:53","date_gmt":"2022-01-15T15:44:53","guid":{"rendered":"http:\/\/localhost\/echooling\/?page_id=2661"},"modified":"2025-05-02T12:34:37","modified_gmt":"2025-05-02T17:34:37","slug":"about-us","status":"publish","type":"page","link":"http:\/\/190.234.243.220:8880\/LearningGPA\/about-us\/","title":{"rendered":"Sobre Nosotros"},"content":{"rendered":"\t\t<div data-elementor-type=\"wp-page\" data-elementor-id=\"2661\" class=\"elementor elementor-2661\">\n\t\t\t\t\t\t\t\t\t<section class=\"elementor-section elementor-top-section elementor-element elementor-element-4c346ca elementor-section-full_width elementor-section-height-default elementor-section-height-default\" data-id=\"4c346ca\" data-element_type=\"section\">\n\t\t\t\t\t\t<div class=\"elementor-container elementor-column-gap-default\">\n\t\t\t\t\t<div class=\"elementor-column elementor-col-50 elementor-top-column elementor-element elementor-element-7a6697a\" data-id=\"7a6697a\" data-element_type=\"column\">\n\t\t\t<div class=\"elementor-widget-wrap elementor-element-populated\">\n\t\t\t\t\t\t\t\t<div class=\"elementor-element elementor-element-2e88743 elementor-widget elementor-widget-image\" data-id=\"2e88743\" data-element_type=\"widget\" data-widget_type=\"image.default\">\n\t\t\t\t<div class=\"elementor-widget-container\">\n\t\t\t<style>\/*! elementor - v3.6.8 - 27-07-2022 *\/\n.elementor-widget-image{text-align:center}.elementor-widget-image a{display:inline-block}.elementor-widget-image a img[src$=\".svg\"]{width:48px}.elementor-widget-image img{vertical-align:middle;display:inline-block}<\/style>\t\t\t\t\t\t\t\t\t\t\t\t<img loading=\"lazy\" decoding=\"async\" width=\"886\" height=\"1181\" src=\"http:\/\/190.234.243.220:8880\/LearningGPA\/wp-content\/uploads\/2025\/04\/NINA-1.png\" class=\"attachment-full size-full\" alt=\"\" srcset=\"http:\/\/190.234.243.220:8880\/LearningGPA\/wp-content\/uploads\/2025\/04\/NINA-1.png 886w, http:\/\/190.234.243.220:8880\/LearningGPA\/wp-content\/uploads\/2025\/04\/NINA-1-225x300.png 225w, http:\/\/190.234.243.220:8880\/LearningGPA\/wp-content\/uploads\/2025\/04\/NINA-1-768x1024.png 768w, http:\/\/190.234.243.220:8880\/LearningGPA\/wp-content\/uploads\/2025\/04\/NINA-1-600x800.png 600w\" sizes=\"auto, (max-width: 886px) 100vw, 886px\" \/>\t\t\t\t\t\t\t\t\t\t\t\t\t\t\t<\/div>\n\t\t\t\t<\/div>\n\t\t\t\t\t<\/div>\n\t\t<\/div>\n\t\t\t\t<div class=\"elementor-column elementor-col-50 elementor-top-column elementor-element elementor-element-53ea135\" data-id=\"53ea135\" data-element_type=\"column\">\n\t\t\t<div class=\"elementor-widget-wrap elementor-element-populated\">\n\t\t\t\t\t\t\t\t<section class=\"elementor-section elementor-inner-section elementor-element elementor-element-5ec73e6 elementor-section-boxed elementor-section-height-default elementor-section-height-default\" data-id=\"5ec73e6\" data-element_type=\"section\">\n\t\t\t\t\t\t<div class=\"elementor-container elementor-column-gap-default\">\n\t\t\t\t\t<div class=\"elementor-column elementor-col-100 elementor-inner-column elementor-element elementor-element-8c4a042\" data-id=\"8c4a042\" data-element_type=\"column\">\n\t\t\t<div class=\"elementor-widget-wrap elementor-element-populated\">\n\t\t\t\t\t\t\t\t<div class=\"elementor-element elementor-element-ac03abf elementor-widget elementor-widget-react-heading\" data-id=\"ac03abf\" data-element_type=\"widget\" data-widget_type=\"react-heading.default\">\n\t\t\t\t<div class=\"elementor-widget-container\">\n\t\t\t        <div class=\"react-heading default justify\">\r\n        \t<div class=\"title-inner\">\r\n        \t\t      \t\t\r\n\t            \t        <\/div>\r\n\t                    \t<div class=\"description\">\r\n            \t\t<p>Somos una instituci\u00f3n que funda el primer modelo de Comunidad de Aprendizaje en Cusco con una propuesta educativa innovadora y de calidad con est\u00e1ndares internacionales, que desarrolla las competencias del alumnado con el objetivo de coeducar en el saber hacer y en la b\u00fasqueda de soluciones que den respuesta a situaciones que requieren la aplicaci\u00f3n creativa, flexible y responsable de conocimientos, habilidades y actitudes.<\/p><p>La comunidad educativa Learning Community est\u00e1 conformada por alumnado, profesorado, familias y ciudadan\u00eda, cuyo objetivo es construir las mejores experiencias de aprendizaje para contribuir a la transformaci\u00f3n social, que se ver\u00e1 reflejada en la mejora de calidad de vida de nuestra sociedad.<\/p>            \t\t\r\n            \t<\/div>\r\n        \t        <\/div>\r\n        \t\t<\/div>\n\t\t\t\t<\/div>\n\t\t\t\t\t<\/div>\n\t\t<\/div>\n\t\t\t\t\t\t\t<\/div>\n\t\t<\/section>\n\t\t\t\t\t<\/div>\n\t\t<\/div>\n\t\t\t\t\t\t\t<\/div>\n\t\t<\/section>\n\t\t\t\t<section class=\"elementor-section elementor-top-section elementor-element elementor-element-ef022b6 elementor-section-boxed elementor-section-height-default elementor-section-height-default\" data-id=\"ef022b6\" data-element_type=\"section\">\n\t\t\t\t\t\t<div class=\"elementor-container elementor-column-gap-default\">\n\t\t\t\t\t<div class=\"elementor-column elementor-col-100 elementor-top-column elementor-element elementor-element-0547aa3\" data-id=\"0547aa3\" data-element_type=\"column\">\n\t\t\t<div class=\"elementor-widget-wrap\">\n\t\t\t\t\t\t\t\t\t<\/div>\n\t\t<\/div>\n\t\t\t\t\t\t\t<\/div>\n\t\t<\/section>\n\t\t\t\t<section class=\"elementor-section elementor-top-section elementor-element elementor-element-840714b elementor-section-boxed elementor-section-height-default elementor-section-height-default\" data-id=\"840714b\" data-element_type=\"section\">\n\t\t\t\t\t\t<div class=\"elementor-container elementor-column-gap-default\">\n\t\t\t\t\t<div class=\"elementor-column elementor-col-100 elementor-top-column elementor-element elementor-element-e755e37\" data-id=\"e755e37\" data-element_type=\"column\">\n\t\t\t<div class=\"elementor-widget-wrap elementor-element-populated\">\n\t\t\t\t\t\t\t\t<div class=\"elementor-element elementor-element-e377e87 elementor-widget elementor-widget-text-editor\" data-id=\"e377e87\" data-element_type=\"widget\" data-widget_type=\"text-editor.default\">\n\t\t\t\t<div class=\"elementor-widget-container\">\n\t\t\t<style>\/*! elementor - v3.6.8 - 27-07-2022 *\/\n.elementor-widget-text-editor.elementor-drop-cap-view-stacked .elementor-drop-cap{background-color:#818a91;color:#fff}.elementor-widget-text-editor.elementor-drop-cap-view-framed .elementor-drop-cap{color:#818a91;border:3px solid;background-color:transparent}.elementor-widget-text-editor:not(.elementor-drop-cap-view-default) .elementor-drop-cap{margin-top:8px}.elementor-widget-text-editor:not(.elementor-drop-cap-view-default) .elementor-drop-cap-letter{width:1em;height:1em}.elementor-widget-text-editor .elementor-drop-cap{float:left;text-align:center;line-height:1;font-size:50px}.elementor-widget-text-editor .elementor-drop-cap-letter{display:inline-block}<\/style>\t\t\t\t<p><strong>NUESTRO RESPALDO<\/strong><\/p>\t\t\t\t\t\t<\/div>\n\t\t\t\t<\/div>\n\t\t\t\t\t<\/div>\n\t\t<\/div>\n\t\t\t\t\t\t\t<\/div>\n\t\t<\/section>\n\t\t\t\t<section class=\"elementor-section elementor-top-section elementor-element elementor-element-9431d1f elementor-section-boxed elementor-section-height-default elementor-section-height-default\" data-id=\"9431d1f\" data-element_type=\"section\">\n\t\t\t\t\t\t<div class=\"elementor-container elementor-column-gap-default\">\n\t\t\t\t\t<div class=\"elementor-column elementor-col-100 elementor-top-column elementor-element elementor-element-b7c67c2\" data-id=\"b7c67c2\" data-element_type=\"column\">\n\t\t\t<div class=\"elementor-widget-wrap elementor-element-populated\">\n\t\t\t\t\t\t\t\t<div class=\"elementor-element elementor-element-b504ce0 elementor-widget elementor-widget-text-editor\" data-id=\"b504ce0\" data-element_type=\"widget\" data-widget_type=\"text-editor.default\">\n\t\t\t\t<div class=\"elementor-widget-container\">\n\t\t\t\t\t\t\t<p>Learning Community cuenta con el respaldo del Centro Guam\u00e1n Poma de Ayala, que con su mas de 45 a\u00f1os de experiencias innovadoras y de transformaci\u00f3n en terreno se consolida como una instituci\u00f3n de peso a nivel regional, con un vasto conocimiento del contexto cultural a nivel local y regional. El desempe\u00f1o de Guaman Poma de Ayala engloba los \u00e1mbitos educativos formales y no formales con experiencias transformadoras que abarcan proyectos pioneros en nuestra regi\u00f3n, dando respuesta as\u00ed a un esp\u00edritu de vocaci\u00f3n de servicio que vio en la metodolog\u00eda del \u201caprender haciendo\u201d una pr\u00e1ctica de investigaci\u00f3n innovadora muy potente para el desarrollo de la poblaci\u00f3n. En esta l\u00ednea, se posiciona como una instituci\u00f3n vinculada a m\u00faltiples entidades nacionales e internacionales con las que desarrolla proyectos entorno a varios campos como son las energ\u00edas renovables, programas de manejo de residuos, saneamiento y cloraci\u00f3n, seguridad alimentaria, planes de gesti\u00f3n de riesgo de desastres (GRD), experiencias productivas agr\u00edcolas o planes de gesti\u00f3n empresarial y de gesti\u00f3n del territorio entre otros. As\u00ed pues, en Centro de Educaci\u00f3n y Comunicaci\u00f3n Guaman Poma de Ayala supone un s\u00f3lido respaldo reconocido por el Ministerio de Educaci\u00f3n desde 1979 por su trabajo de innovaci\u00f3n constante en m\u00faltiples espacios locales y regionales del que Learning Community se beneficiar\u00e1.<\/p>\t\t\t\t\t\t<\/div>\n\t\t\t\t<\/div>\n\t\t\t\t\t<\/div>\n\t\t<\/div>\n\t\t\t\t\t\t\t<\/div>\n\t\t<\/section>\n\t\t\t\t<section class=\"elementor-section elementor-top-section elementor-element elementor-element-c60fed3 elementor-section-boxed elementor-section-height-default elementor-section-height-default\" data-id=\"c60fed3\" data-element_type=\"section\">\n\t\t\t\t\t\t<div class=\"elementor-container elementor-column-gap-default\">\n\t\t\t\t\t<div class=\"elementor-column elementor-col-100 elementor-top-column elementor-element elementor-element-036ed8e\" data-id=\"036ed8e\" data-element_type=\"column\">\n\t\t\t<div class=\"elementor-widget-wrap elementor-element-populated\">\n\t\t\t\t\t\t\t\t<div class=\"elementor-element elementor-element-cc1d859 elementor-widget elementor-widget-text-editor\" data-id=\"cc1d859\" data-element_type=\"widget\" data-widget_type=\"text-editor.default\">\n\t\t\t\t<div class=\"elementor-widget-container\">\n\t\t\t\t\t\t\t\t\t\t\t\t\t<\/div>\n\t\t\t\t<\/div>\n\t\t\t\t\t<\/div>\n\t\t<\/div>\n\t\t\t\t\t\t\t<\/div>\n\t\t<\/section>\n\t\t\t\t\t\t\t<\/div>\n\t\t","protected":false},"excerpt":{"rendered":"<p>Somos una instituci\u00f3n que funda el primer modelo de Comunidad de Aprendizaje en Cusco con una propuesta educativa innovadora y de calidad con est\u00e1ndares internacionales, que desarrolla las competencias del alumnado con el objetivo de coeducar en el saber hacer y en la b\u00fasqueda de soluciones que den respuesta a situaciones que requieren la aplicaci\u00f3n&#8230;<\/p>\n","protected":false},"author":1,"featured_media":0,"parent":0,"menu_order":0,"comment_status":"closed","ping_status":"closed","template":"","meta":{"_monsterinsights_skip_tracking":false,"_monsterinsights_sitenote_active":false,"_monsterinsights_sitenote_note":"","_monsterinsights_sitenote_category":0,"footnotes":""},"class_list":["post-2661","page","type-page","status-publish","hentry"],"aioseo_notices":[],"_links":{"self":[{"href":"http:\/\/190.234.243.220:8880\/LearningGPA\/wp-json\/wp\/v2\/pages\/2661","targetHints":{"allow":["GET"]}}],"collection":[{"href":"http:\/\/190.234.243.220:8880\/LearningGPA\/wp-json\/wp\/v2\/pages"}],"about":[{"href":"http:\/\/190.234.243.220:8880\/LearningGPA\/wp-json\/wp\/v2\/types\/page"}],"author":[{"embeddable":true,"href":"http:\/\/190.234.243.220:8880\/LearningGPA\/wp-json\/wp\/v2\/users\/1"}],"replies":[{"embeddable":true,"href":"http:\/\/190.234.243.220:8880\/LearningGPA\/wp-json\/wp\/v2\/comments?post=2661"}],"version-history":[{"count":23,"href":"http:\/\/190.234.243.220:8880\/LearningGPA\/wp-json\/wp\/v2\/pages\/2661\/revisions"}],"predecessor-version":[{"id":5314,"href":"http:\/\/190.234.243.220:8880\/LearningGPA\/wp-json\/wp\/v2\/pages\/2661\/revisions\/5314"}],"wp:attachment":[{"href":"http:\/\/190.234.243.220:8880\/LearningGPA\/wp-json\/wp\/v2\/media?parent=2661"}],"curies":[{"name":"wp","href":"https:\/\/api.w.org\/{rel}","templated":true}]}}