{"id":2654,"date":"2022-01-15T15:42:03","date_gmt":"2022-01-15T15:42:03","guid":{"rendered":"http:\/\/localhost\/echooling\/?page_id=2654"},"modified":"2025-05-02T18:07:31","modified_gmt":"2025-05-02T23:07:31","slug":"become-an-instructors","status":"publish","type":"page","link":"http:\/\/190.234.243.220:8880\/LearningGPA\/become-an-instructors\/","title":{"rendered":"Principios"},"content":{"rendered":"\t\t<div data-elementor-type=\"wp-page\" data-elementor-id=\"2654\" class=\"elementor elementor-2654\">\n\t\t\t\t\t\t\t\t\t<section class=\"elementor-section elementor-top-section elementor-element elementor-element-757d11d elementor-section-content-middle elementor-section-stretched elementor-section-boxed elementor-section-height-default elementor-section-height-default\" data-id=\"757d11d\" data-element_type=\"section\" data-settings=\"{&quot;stretch_section&quot;:&quot;section-stretched&quot;,&quot;background_background&quot;:&quot;classic&quot;}\">\n\t\t\t\t\t\t<div class=\"elementor-container elementor-column-gap-default\">\n\t\t\t\t\t<div class=\"elementor-column elementor-col-33 elementor-top-column elementor-element elementor-element-967449f\" data-id=\"967449f\" data-element_type=\"column\">\n\t\t\t<div class=\"elementor-widget-wrap elementor-element-populated\">\n\t\t\t\t\t\t\t\t<div class=\"elementor-element elementor-element-e842ae1 elementor-widget elementor-widget-image\" data-id=\"e842ae1\" data-element_type=\"widget\" data-widget_type=\"image.default\">\n\t\t\t\t<div class=\"elementor-widget-container\">\n\t\t\t<style>\/*! elementor - v3.6.8 - 27-07-2022 *\/\n.elementor-widget-image{text-align:center}.elementor-widget-image a{display:inline-block}.elementor-widget-image a img[src$=\".svg\"]{width:48px}.elementor-widget-image img{vertical-align:middle;display:inline-block}<\/style>\t\t\t\t\t\t\t\t\t\t\t\t<img loading=\"lazy\" decoding=\"async\" width=\"512\" height=\"512\" src=\"http:\/\/190.234.243.220:8880\/LearningGPA\/wp-content\/uploads\/2025\/05\/balance.png\" class=\"attachment-large size-large\" alt=\"\" srcset=\"http:\/\/190.234.243.220:8880\/LearningGPA\/wp-content\/uploads\/2025\/05\/balance.png 512w, http:\/\/190.234.243.220:8880\/LearningGPA\/wp-content\/uploads\/2025\/05\/balance-300x300.png 300w, http:\/\/190.234.243.220:8880\/LearningGPA\/wp-content\/uploads\/2025\/05\/balance-150x150.png 150w, http:\/\/190.234.243.220:8880\/LearningGPA\/wp-content\/uploads\/2025\/05\/balance-87x87.png 87w, http:\/\/190.234.243.220:8880\/LearningGPA\/wp-content\/uploads\/2025\/05\/balance-100x100.png 100w\" sizes=\"auto, (max-width: 512px) 100vw, 512px\" \/>\t\t\t\t\t\t\t\t\t\t\t\t\t\t\t<\/div>\n\t\t\t\t<\/div>\n\t\t\t\t\t<\/div>\n\t\t<\/div>\n\t\t\t\t<div class=\"elementor-column elementor-col-66 elementor-top-column elementor-element elementor-element-e40e8f3\" data-id=\"e40e8f3\" data-element_type=\"column\">\n\t\t\t<div class=\"elementor-widget-wrap elementor-element-populated\">\n\t\t\t\t\t\t\t\t<div class=\"elementor-element elementor-element-5f0944a elementor-widget elementor-widget-heading\" data-id=\"5f0944a\" data-element_type=\"widget\" data-widget_type=\"heading.default\">\n\t\t\t\t<div class=\"elementor-widget-container\">\n\t\t\t<style>\/*! elementor - v3.6.8 - 27-07-2022 *\/\n.elementor-heading-title{padding:0;margin:0;line-height:1}.elementor-widget-heading .elementor-heading-title[class*=elementor-size-]>a{color:inherit;font-size:inherit;line-height:inherit}.elementor-widget-heading .elementor-heading-title.elementor-size-small{font-size:15px}.elementor-widget-heading .elementor-heading-title.elementor-size-medium{font-size:19px}.elementor-widget-heading .elementor-heading-title.elementor-size-large{font-size:29px}.elementor-widget-heading .elementor-heading-title.elementor-size-xl{font-size:39px}.elementor-widget-heading .elementor-heading-title.elementor-size-xxl{font-size:59px}<\/style><p class=\"elementor-heading-title elementor-size-default\">Somos una instituci\u00f3n que se posiciona en la ciudad de Cusco como la primera propuesta educativa de Comunidades de Aprendizaje, que ofrece una ense\u00f1anza innovadora con est\u00e1ndares internacionales fruto de los resultados de \u00e9xito demostrados en experiencias validadas mediante el Proyecto de investigaci\u00f3n INCLUD-ED desarrollado en varios pa\u00edses de Europa.<\/p>\t\t<\/div>\n\t\t\t\t<\/div>\n\t\t\t\t\t<\/div>\n\t\t<\/div>\n\t\t\t\t\t\t\t<\/div>\n\t\t<\/section>\n\t\t\t\t\t\t\t<\/div>\n\t\t","protected":false},"excerpt":{"rendered":"<p>Somos una instituci\u00f3n que se posiciona en la ciudad de Cusco como la primera propuesta educativa de Comunidades de Aprendizaje, que ofrece una ense\u00f1anza innovadora con est\u00e1ndares internacionales fruto de los resultados de \u00e9xito demostrados en experiencias validadas mediante el Proyecto de investigaci\u00f3n INCLUD-ED desarrollado en varios pa\u00edses de Europa.<\/p>\n","protected":false},"author":1,"featured_media":0,"parent":0,"menu_order":0,"comment_status":"closed","ping_status":"closed","template":"","meta":{"_monsterinsights_skip_tracking":false,"_monsterinsights_sitenote_active":false,"_monsterinsights_sitenote_note":"","_monsterinsights_sitenote_category":0,"footnotes":""},"class_list":["post-2654","page","type-page","status-publish","hentry"],"aioseo_notices":[],"_links":{"self":[{"href":"http:\/\/190.234.243.220:8880\/LearningGPA\/wp-json\/wp\/v2\/pages\/2654","targetHints":{"allow":["GET"]}}],"collection":[{"href":"http:\/\/190.234.243.220:8880\/LearningGPA\/wp-json\/wp\/v2\/pages"}],"about":[{"href":"http:\/\/190.234.243.220:8880\/LearningGPA\/wp-json\/wp\/v2\/types\/page"}],"author":[{"embeddable":true,"href":"http:\/\/190.234.243.220:8880\/LearningGPA\/wp-json\/wp\/v2\/users\/1"}],"replies":[{"embeddable":true,"href":"http:\/\/190.234.243.220:8880\/LearningGPA\/wp-json\/wp\/v2\/comments?post=2654"}],"version-history":[{"count":32,"href":"http:\/\/190.234.243.220:8880\/LearningGPA\/wp-json\/wp\/v2\/pages\/2654\/revisions"}],"predecessor-version":[{"id":5414,"href":"http:\/\/190.234.243.220:8880\/LearningGPA\/wp-json\/wp\/v2\/pages\/2654\/revisions\/5414"}],"wp:attachment":[{"href":"http:\/\/190.234.243.220:8880\/LearningGPA\/wp-json\/wp\/v2\/media?parent=2654"}],"curies":[{"name":"wp","href":"https:\/\/api.w.org\/{rel}","templated":true}]}}